{"id":11844,"date":"2021-12-27T09:10:37","date_gmt":"2021-12-27T09:10:37","guid":{"rendered":"https:\/\/tbitech.pl\/sklep\/nezarazene\/tbi-vc-1270-smart-mill-new-line\/"},"modified":"2025-03-20T07:22:08","modified_gmt":"2025-03-20T07:22:08","slug":"tbi-vc-1270-smart-mill-new-line-cs","status":"publish","type":"product","link":"https:\/\/tbitech.pl\/cs\/sklep\/frezky-cnc\/vertikalni-obrabeci-centra-rady-vc-smart-mill\/tbi-vc-1270-smart-mill-new-line-cs\/","title":{"rendered":"TBI VC 1270 Smart Mill New Line"},"content":{"rendered":"","protected":false},"excerpt":{"rendered":"<div class=\"row\">\n<table style=\"background-color: #f0f0f0; width: 100%;\" cellspacing=\"20\" cellpadding=\"20\">\n<tbody>\n<tr>\n<td style=\"width: 2%;\"><\/td>\n<td style=\"text-align: left;\"><span style=\"font-size: 24px;\"><b>Pou\u017eit\u00ed obr\u00e1b\u011bc\u00edho stroje<br \/>\n<\/b><\/span><\/td>\n<td style=\"width: 2%;\"><\/td>\n<\/tr>\n<tr>\n<td style=\"width: 2%;\"><\/td>\n<td><span style=\"font-size: 14px; text-align: justify; line-height: 180%;\">Vertik\u00e1ln\u00ed obr\u00e1b\u011bc\u00ed centrum TBI VC 1270 Smart Mill je <strong>univerz\u00e1ln\u00ed obr\u00e1b\u011bc\u00ed<\/strong> stroj. Konstrukce a standardn\u00ed konfigurace umo\u017e\u0148uj\u00ed hrubovac\u00ed a dokon\u010dovac\u00ed <strong>obr\u00e1b\u011bn\u00ed v mal\u00fdch s\u00e9ri\u00edch a opakovan\u00e9 v\u00fdrob\u011b<\/strong>. Stroje pou\u017e\u00edvaj\u00ed na\u0161i z\u00e1kazn\u00edci mimo jin\u00e9 pro obr\u00e1b\u011bn\u00ed d\u00edl\u016f pou\u017e\u00edvan\u00fdch v automobilov\u00e9m pr\u016fmyslu a d\u00edl\u016f pro v\u00fdrobce stroj\u016f. V\u00fdhodou tohoto modelu je <strong>mo\u017enost obr\u00e1b\u011bt vysok\u00e9 obrobky &#8211; zdvih osy Z je 700<\/strong> mm a pou\u017eit\u00e9 \u0159\u00edzen\u00ed Siemens 828D je velmi intuitivn\u00ed. <strong>Grafick\u00e9 rozhran\u00ed ShopMill<\/strong> usnad\u0148uje rychl\u00e9 programov\u00e1n\u00ed jednotliv\u00fdch model\u016f a malos\u00e9riovou v\u00fdrobu bez nutnosti pou\u017eit\u00ed softwaru CAM. Standardn\u00ed doba <strong>zpracov\u00e1n\u00ed bloku je 4,5 ms<\/strong>. \u00daspornosti \u0159e\u0161en\u00ed bylo dosa\u017eeno d\u00edky uzav\u0159en\u00e9 konfiguraci za\u0159\u00edzen\u00ed umo\u017e\u0148uj\u00edc\u00ed plnou funk\u010dnost.<\/span><\/p>\n<p style=\"text-align: center;\"><span style=\"color: #ffffff; font-size: 18px; text-align: justify;\"><a style=\"color: #ffffff;\" href=\"https:\/\/tbitech.pl\/case-study-epc-projekt-s-a\/\"><img decoding=\"async\" src=\"https:\/\/tbitech.pl\/wp-content\/uploads\/2022\/09\/przykladowewdrozenie.png\" alt=\"\"><\/a><\/span><\/p>\n<\/td>\n<td style=\"width: 2%;\"><\/td>\n<\/tr>\n<\/tbody>\n<\/table>\n<\/div>\n<p>&nbsp;<\/p>\n<div class=\"row\">\n<table style=\"background-color: #3991b7; width: 100%;\" cellspacing=\"20\" cellpadding=\"20\">\n<tbody>\n<tr>\n<td style=\"width: 2%;\"><\/td>\n<td style=\"text-align: left;\"><span style=\"font-size: 24px; color: #ffffff;\"><b>Dal\u0161\u00ed informace o ml\u00fdnu TBI VC 1270 Smart Mill<br \/>\n<\/b><\/span><\/td>\n<td style=\"width: 2%;\"><\/td>\n<\/tr>\n<tr>\n<td style=\"width: 2%;\"><\/td>\n<td><span style=\"font-size: 14px; text-align: justify; line-height: 180%; color: #ffffff;\"><span style=\"font-size: 14px; text-align: justify; line-height: 180%;\">V\u0161imn\u011bte si zv\u00fd\u0161en\u00e9 <strong>nosnosti stolu 1 500 kg<\/strong>. Konstrukce je zalo\u017eena na k\u0159\u00ed\u017eov\u00e9m stole a kuli\u010dkov\u00e9 \u0161rouby maj\u00ed nejv\u011bt\u0161\u00ed pr\u016fm\u011br (ve srovnateln\u00e9m segmentu stroj\u016f) &#8211; <strong>to umo\u017e\u0148uje v\u011bt\u0161\u00ed zat\u00ed\u017een\u00ed stolu<\/strong>. Na druhou stranu v\u00e1le\u010dkov\u00e1 veden\u00ed pou\u017eit\u00e1 v ose Y <strong>umo\u017e\u0148uj\u00ed nerovnom\u011brn\u00e9 zat\u00ed\u017een\u00ed stolu p\u0159i zachov\u00e1n\u00ed pln\u00fdch parametr\u016f obr\u00e1b\u011bn\u00ed<\/strong>. Pou\u017eit\u00fd voz\u00edkov\u00fd syst\u00e9m se \u0161krabkami a automatick\u00fdm vnit\u0159n\u00edm maz\u00e1n\u00edm je zvolen pro drsn\u00e9 pr\u016fmyslov\u00e9 a pra\u0161n\u00e9 podm\u00ednky. Ergonomii a pohodl\u00ed obsluhy zvy\u0161uje mo\u017enost zajet se stolem a\u017e <strong>ke krytu stroje a nalo\u017eit jej<\/strong>. Obr\u00e1b\u011bc\u00ed centrum TBI VC Smart Mill se vyzna\u010duje <strong>vysokou konstruk\u010dn\u00ed tuhost\u00ed<\/strong> a <strong>vysokou opakovatelnost\u00ed obr\u00e1b\u011bn\u00ed<\/strong>. Doba obr\u00e1b\u011bn\u00ed je maxim\u00e1ln\u011b zkr\u00e1cena pou\u017eit\u00edm dvouramenn\u00e9ho z\u00e1sobn\u00edku n\u00e1stroj\u016f a bubnov\u00e9ho z\u00e1sobn\u00edku n\u00e1stroj\u016f, kter\u00fd rotuje po nejkrat\u0161\u00ed dr\u00e1ze. D\u016fle\u017eit\u00e9 je, \u017ee <strong>n\u00e1stroj je p\u0159i\u0159azen v kontrole<\/strong>, nikoli ve skladu. Pou\u017eit\u00edm odleh\u010den\u00ed <strong>osy Z<\/strong> se sn\u00ed\u017e\u00ed zat\u00ed\u017een\u00ed motoru p\u0159ibli\u017en\u011b o 60 %, co\u017e zvy\u0161uje jeho \u017eivotnost a sni\u017euje spot\u0159ebu energie.<\/span><\/span><\/p>\n<p style=\"text-align: center;\"><span style=\"color: #ffffff; font-size: 18px; text-align: justify;\"><a style=\"color: #ffffff;\" href=\"https:\/\/tbitech.pl\/jak-wybrac-dostawce-obrabiarki-cnc\/\"><img decoding=\"async\" src=\"https:\/\/tbitech.pl\/wp-content\/uploads\/2022\/09\/dowiedz-sie-wiecej-na-co-zwrocic-uwage.png\" alt=\"\"><\/a><\/span><\/p>\n<\/td>\n<td style=\"width: 2%;\"><\/td>\n<\/tr>\n<\/tbody>\n<\/table>\n<\/div>\n<p>&nbsp;<\/p>\n<h3 style=\"text-align: center; padding-left: 80px;\">FAQ<\/h3>\n","protected":false},"featured_media":7091,"template":"","meta":{"_acf_changed":false,"_bbp_topic_count":0,"_bbp_reply_count":0,"_bbp_total_topic_count":0,"_bbp_total_reply_count":0,"_bbp_voice_count":0,"_bbp_anonymous_reply_count":0,"_bbp_topic_count_hidden":0,"_bbp_reply_count_hidden":0,"_bbp_forum_subforum_count":0},"product_brand":[],"product_cat":[546,550],"product_tag":[558,559,561,557,560,556],"class_list":{"0":"post-11844","1":"product","2":"type-product","3":"status-publish","4":"has-post-thumbnail","6":"product_cat-frezky-cnc","7":"product_cat-vertikalni-obrabeci-centra-rady-vc-smart-mill","8":"product_tag-3osy-stred","9":"product_tag-obrabeci-centrum","10":"product_tag-siemens-cs","11":"product_tag-vc-cs","12":"product_tag-vc-1060-cs","13":"product_tag-vertikalni-stred","15":"first","16":"instock","17":"virtual","18":"product-type-simple"},"acf":[],"yoast_head":"<!-- This site is optimized with the Yoast SEO plugin v27.5 - https:\/\/yoast.com\/product\/yoast-seo-wordpress\/ -->\n<title>TBI VC 1270 Smart Mill New Line - TBI Technology<\/title>\n<meta name=\"description\" content=\"CNC fr\u00e9zka pro obr\u00e1b\u011bn\u00ed kov\u016f ve 3 os\u00e1ch s \u0159\u00edzen\u00edm Siemens a uzav\u0159enou konfigurac\u00ed stroje umo\u017e\u0148uj\u00edc\u00ed plnou funk\u010dnost, osa Z 700 mm!\" \/>\n<meta name=\"robots\" content=\"index, follow, max-snippet:-1, max-image-preview:large, max-video-preview:-1\" \/>\n<link rel=\"canonical\" href=\"https:\/\/tbitech.pl\/cs\/sklep\/frezky-cnc\/vertikalni-obrabeci-centra-rady-vc-smart-mill\/tbi-vc-1270-smart-mill-new-line-cs\/\" \/>\n<meta property=\"og:locale\" content=\"cs_CZ\" \/>\n<meta property=\"og:type\" content=\"article\" \/>\n<meta property=\"og:title\" content=\"TBI VC 1270 Smart Mill New Line - TBI Technology\" \/>\n<meta property=\"og:description\" content=\"CNC fr\u00e9zka pro obr\u00e1b\u011bn\u00ed kov\u016f ve 3 os\u00e1ch s \u0159\u00edzen\u00edm Siemens a uzav\u0159enou konfigurac\u00ed stroje umo\u017e\u0148uj\u00edc\u00ed plnou funk\u010dnost, osa Z 700 mm!\" \/>\n<meta property=\"og:url\" content=\"https:\/\/tbitech.pl\/cs\/sklep\/frezky-cnc\/vertikalni-obrabeci-centra-rady-vc-smart-mill\/tbi-vc-1270-smart-mill-new-line-cs\/\" \/>\n<meta property=\"og:site_name\" content=\"TBI Technology\" \/>\n<meta property=\"article:modified_time\" content=\"2025-03-20T07:22:08+00:00\" \/>\n<meta property=\"og:image\" content=\"https:\/\/tbitech.pl\/wp-content\/uploads\/2022\/01\/VC_1060_NEWLINE_S.png\" \/>\n\t<meta property=\"og:image:width\" content=\"630\" \/>\n\t<meta property=\"og:image:height\" content=\"450\" \/>\n\t<meta property=\"og:image:type\" content=\"image\/png\" \/>\n<meta name=\"twitter:card\" content=\"summary_large_image\" \/>\n<!-- \/ Yoast SEO plugin. -->","yoast_head_json":{"title":"TBI VC 1270 Smart Mill New Line - TBI Technology","description":"CNC fr\u00e9zka pro obr\u00e1b\u011bn\u00ed kov\u016f ve 3 os\u00e1ch s \u0159\u00edzen\u00edm Siemens a uzav\u0159enou konfigurac\u00ed stroje umo\u017e\u0148uj\u00edc\u00ed plnou funk\u010dnost, osa Z 700 mm!","robots":{"index":"index","follow":"follow","max-snippet":"max-snippet:-1","max-image-preview":"max-image-preview:large","max-video-preview":"max-video-preview:-1"},"canonical":"https:\/\/tbitech.pl\/cs\/sklep\/frezky-cnc\/vertikalni-obrabeci-centra-rady-vc-smart-mill\/tbi-vc-1270-smart-mill-new-line-cs\/","og_locale":"cs_CZ","og_type":"article","og_title":"TBI VC 1270 Smart Mill New Line - TBI Technology","og_description":"CNC fr\u00e9zka pro obr\u00e1b\u011bn\u00ed kov\u016f ve 3 os\u00e1ch s \u0159\u00edzen\u00edm Siemens a uzav\u0159enou konfigurac\u00ed stroje umo\u017e\u0148uj\u00edc\u00ed plnou funk\u010dnost, osa Z 700 mm!","og_url":"https:\/\/tbitech.pl\/cs\/sklep\/frezky-cnc\/vertikalni-obrabeci-centra-rady-vc-smart-mill\/tbi-vc-1270-smart-mill-new-line-cs\/","og_site_name":"TBI Technology","article_modified_time":"2025-03-20T07:22:08+00:00","og_image":[{"width":630,"height":450,"url":"https:\/\/tbitech.pl\/wp-content\/uploads\/2022\/01\/VC_1060_NEWLINE_S.png","type":"image\/png"}],"twitter_card":"summary_large_image","schema":{"@context":"https:\/\/schema.org","@graph":[{"@type":"WebPage","@id":"https:\/\/tbitech.pl\/cs\/sklep\/frezky-cnc\/vertikalni-obrabeci-centra-rady-vc-smart-mill\/tbi-vc-1270-smart-mill-new-line-cs\/","url":"https:\/\/tbitech.pl\/cs\/sklep\/frezky-cnc\/vertikalni-obrabeci-centra-rady-vc-smart-mill\/tbi-vc-1270-smart-mill-new-line-cs\/","name":"TBI VC 1270 Smart Mill New Line - TBI Technology","isPartOf":{"@id":"https:\/\/tbitech.pl\/cs\/#website"},"primaryImageOfPage":{"@id":"https:\/\/tbitech.pl\/cs\/sklep\/frezky-cnc\/vertikalni-obrabeci-centra-rady-vc-smart-mill\/tbi-vc-1270-smart-mill-new-line-cs\/#primaryimage"},"image":{"@id":"https:\/\/tbitech.pl\/cs\/sklep\/frezky-cnc\/vertikalni-obrabeci-centra-rady-vc-smart-mill\/tbi-vc-1270-smart-mill-new-line-cs\/#primaryimage"},"thumbnailUrl":"https:\/\/tbitech.pl\/wp-content\/uploads\/2022\/01\/VC_1060_NEWLINE_S.png","datePublished":"2021-12-27T09:10:37+00:00","dateModified":"2025-03-20T07:22:08+00:00","description":"CNC fr\u00e9zka pro obr\u00e1b\u011bn\u00ed kov\u016f ve 3 os\u00e1ch s \u0159\u00edzen\u00edm Siemens a uzav\u0159enou konfigurac\u00ed stroje umo\u017e\u0148uj\u00edc\u00ed plnou funk\u010dnost, osa Z 700 mm!","breadcrumb":{"@id":"https:\/\/tbitech.pl\/cs\/sklep\/frezky-cnc\/vertikalni-obrabeci-centra-rady-vc-smart-mill\/tbi-vc-1270-smart-mill-new-line-cs\/#breadcrumb"},"inLanguage":"cs","potentialAction":[{"@type":"ReadAction","target":["https:\/\/tbitech.pl\/cs\/sklep\/frezky-cnc\/vertikalni-obrabeci-centra-rady-vc-smart-mill\/tbi-vc-1270-smart-mill-new-line-cs\/"]}]},{"@type":"ImageObject","inLanguage":"cs","@id":"https:\/\/tbitech.pl\/cs\/sklep\/frezky-cnc\/vertikalni-obrabeci-centra-rady-vc-smart-mill\/tbi-vc-1270-smart-mill-new-line-cs\/#primaryimage","url":"https:\/\/tbitech.pl\/wp-content\/uploads\/2022\/01\/VC_1060_NEWLINE_S.png","contentUrl":"https:\/\/tbitech.pl\/wp-content\/uploads\/2022\/01\/VC_1060_NEWLINE_S.png","width":630,"height":450,"caption":"CNC soustruh TBI VC 1060 HH New Line - TBITECH.PL"},{"@type":"BreadcrumbList","@id":"https:\/\/tbitech.pl\/cs\/sklep\/frezky-cnc\/vertikalni-obrabeci-centra-rady-vc-smart-mill\/tbi-vc-1270-smart-mill-new-line-cs\/#breadcrumb","itemListElement":[{"@type":"ListItem","position":1,"name":"Strona g\u0142\u00f3wna","item":"https:\/\/tbitech.pl\/cs\/"},{"@type":"ListItem","position":2,"name":"Obchod","item":"https:\/\/tbitech.pl\/cs\/obchod\/"},{"@type":"ListItem","position":3,"name":"TBI VC 1270 Smart Mill New Line"}]},{"@type":"WebSite","@id":"https:\/\/tbitech.pl\/cs\/#website","url":"https:\/\/tbitech.pl\/cs\/","name":"TBI Technology","description":"Za innowacj\u0105 stoi cz\u0142owiek","potentialAction":[{"@type":"SearchAction","target":{"@type":"EntryPoint","urlTemplate":"https:\/\/tbitech.pl\/cs\/?s={search_term_string}"},"query-input":{"@type":"PropertyValueSpecification","valueRequired":true,"valueName":"search_term_string"}}],"inLanguage":"cs"}]}},"_links":{"self":[{"href":"https:\/\/tbitech.pl\/cs\/wp-json\/wp\/v2\/product\/11844","targetHints":{"allow":["GET"]}}],"collection":[{"href":"https:\/\/tbitech.pl\/cs\/wp-json\/wp\/v2\/product"}],"about":[{"href":"https:\/\/tbitech.pl\/cs\/wp-json\/wp\/v2\/types\/product"}],"version-history":[{"count":4,"href":"https:\/\/tbitech.pl\/cs\/wp-json\/wp\/v2\/product\/11844\/revisions"}],"predecessor-version":[{"id":19834,"href":"https:\/\/tbitech.pl\/cs\/wp-json\/wp\/v2\/product\/11844\/revisions\/19834"}],"wp:featuredmedia":[{"embeddable":true,"href":"https:\/\/tbitech.pl\/cs\/wp-json\/wp\/v2\/media\/7091"}],"wp:attachment":[{"href":"https:\/\/tbitech.pl\/cs\/wp-json\/wp\/v2\/media?parent=11844"}],"wp:term":[{"taxonomy":"product_brand","embeddable":true,"href":"https:\/\/tbitech.pl\/cs\/wp-json\/wp\/v2\/product_brand?post=11844"},{"taxonomy":"product_cat","embeddable":true,"href":"https:\/\/tbitech.pl\/cs\/wp-json\/wp\/v2\/product_cat?post=11844"},{"taxonomy":"product_tag","embeddable":true,"href":"https:\/\/tbitech.pl\/cs\/wp-json\/wp\/v2\/product_tag?post=11844"}],"curies":[{"name":"wp","href":"https:\/\/api.w.org\/{rel}","templated":true}]}}