{"id":11876,"date":"2021-11-04T08:18:39","date_gmt":"2021-11-04T08:18:39","guid":{"rendered":"https:\/\/tbitech.pl\/sklep\/nezarazene\/tbi-vc-1570-smart-mill-new-line\/"},"modified":"2025-03-20T07:39:15","modified_gmt":"2025-03-20T07:39:15","slug":"tbi-vc-1570-smart-mill-new-line-cz-2","status":"publish","type":"product","link":"https:\/\/tbitech.pl\/cs\/sklep\/frezky-cnc\/vertikalni-obrabeci-centra-rady-vc-smart-mill\/tbi-vc-1570-smart-mill-new-line-cz-2\/","title":{"rendered":"TBI VC 1570 Smart Mill New Line"},"content":{"rendered":"","protected":false},"excerpt":{"rendered":"<div class=\"row\">\n<table style=\"background-color: #f0f0f0; width: 100%;\" cellspacing=\"20\" cellpadding=\"20\">\n<tbody>\n<tr>\n<td style=\"width: 2%;\"><\/td>\n<td style=\"text-align: left;\"><span style=\"font-size: 24px;\"><b>Pou\u017eit\u00ed obr\u00e1b\u011bc\u00edho stroje<br \/>\n<\/b><\/span><\/td>\n<td style=\"width: 2%;\"><\/td>\n<\/tr>\n<tr>\n<td style=\"width: 2%;\"><\/td>\n<td><span style=\"font-size: 14px; text-align: justify; line-height: 180%;\">Vertik\u00e1ln\u00ed obr\u00e1b\u011bc\u00ed centrum TBI VC 1570 Smart Mill je <strong>univerz\u00e1ln\u00ed obr\u00e1b\u011bc\u00ed stroj<\/strong>, u kter\u00e9ho je pom\u011br cena\/v\u00fdkon nejv\u00fdhodn\u011bj\u0161\u00ed. Konstrukce a standardn\u00ed konfigurace umo\u017e\u0148uj\u00ed hrubovac\u00ed a <strong>dokon\u010dovac\u00ed obr\u00e1b\u011bn\u00ed v malos\u00e9riov\u00e9 a opakovan\u00e9 v\u00fdrob\u011b<\/strong>, kde je pom\u011br cena\/v\u00fdkon nejv\u00fdhodn\u011bj\u0161\u00ed. Tyto stroje pou\u017e\u00edvaj\u00ed na\u0161i z\u00e1kazn\u00edci mimo jin\u00e9 k v\u00fdrob\u011b strojn\u00edch sou\u010d\u00e1st\u00ed a z\u00e1pustek. P\u0159i porovn\u00e1n\u00ed tohoto modelu se st\u00e1vaj\u00edc\u00edmi \u0159e\u0161en\u00edmi na trhu je jeho v\u00fdhodou <strong>mo\u017enost obr\u00e1b\u011bt vysok\u00e9 obrobky, proto\u017ee zdvih osy Z je 700 mm<\/strong>. Pou\u017eit\u00e9 ovl\u00e1d\u00e1n\u00ed Siemens 828D je velmi intuitivn\u00ed. <strong>Grafick\u00e9 rozhran\u00ed ShopMill<\/strong> usnad\u0148uje rychl\u00e9 programov\u00e1n\u00ed jednotliv\u00fdch model\u016f a malos\u00e9riovou v\u00fdrobu bez nutnosti pou\u017eit\u00ed softwaru CAM. Standardn\u00ed doba <strong>zpracov\u00e1n\u00ed bloku je 4,5 ms<\/strong>. \u00daspornosti \u0159e\u0161en\u00ed bylo dosa\u017eeno d\u00edky uzav\u0159en\u00e9 konfiguraci za\u0159\u00edzen\u00ed umo\u017e\u0148uj\u00edc\u00ed plnou funk\u010dnost.<\/span><\/p>\n<p style=\"text-align: center;\"><span style=\"color: #ffffff; font-size: 18px; text-align: justify;\"><a style=\"color: #ffffff;\" href=\"https:\/\/tbitech.pl\/case-study-epc-projekt-s-a\/\"><img decoding=\"async\" src=\"https:\/\/tbitech.pl\/wp-content\/uploads\/2022\/09\/przykladowewdrozenie.png\" alt=\"\"><\/a><\/span><\/p>\n<\/td>\n<td style=\"width: 2%;\"><\/td>\n<\/tr>\n<\/tbody>\n<\/table>\n<\/div>\n<p>&nbsp;<\/p>\n<div class=\"row\">\n<table style=\"background-color: #3991b7; width: 100%;\" cellspacing=\"20\" cellpadding=\"20\">\n<tbody>\n<tr>\n<td style=\"width: 2%;\"><\/td>\n<td style=\"text-align: left;\"><span style=\"font-size: 24px; color: #ffffff;\"><b>Dal\u0161\u00ed informace o ml\u00fdnu TBI VC 1270 Smart Mill<br \/>\n<\/b><\/span><\/td>\n<td style=\"width: 2%;\"><\/td>\n<\/tr>\n<tr>\n<td style=\"width: 2%;\"><\/td>\n<td><span style=\"font-size: 14px; text-align: justify; line-height: 180%; color: #ffffff;\"><span style=\"font-size: 14px; text-align: justify; line-height: 180%;\">V\u0161imn\u011bte si zv\u00fd\u0161en\u00e9 <strong>nosnosti stolu 2 000 kg<\/strong>. Konstrukce je zalo\u017eena na k\u0159\u00ed\u017eov\u00e9m stole a kuli\u010dkov\u00e9 \u0161rouby maj\u00ed nejv\u011bt\u0161\u00ed pr\u016fm\u011br (ve srovnateln\u00e9m segmentu stroj\u016f) &#8211; <strong>to umo\u017e\u0148uje v\u011bt\u0161\u00ed zat\u00ed\u017een\u00ed stolu<\/strong>. Na druhou stranu v\u00e1le\u010dkov\u00e1 veden\u00ed pou\u017eit\u00e1 v ose Y <strong>umo\u017e\u0148uj\u00ed nerovnom\u011brn\u00e9 zat\u00ed\u017een\u00ed stolu p\u0159i zachov\u00e1n\u00ed pln\u00fdch parametr\u016f obr\u00e1b\u011bn\u00ed<\/strong>. Pou\u017eit\u00fd voz\u00edkov\u00fd syst\u00e9m se \u0161krabkami a automatick\u00fdm vnit\u0159n\u00edm maz\u00e1n\u00edm je zvolen pro drsn\u00e9 pr\u016fmyslov\u00e9 a pra\u0161n\u00e9 podm\u00ednky. Ergonomii a pohodl\u00ed obsluhy zvy\u0161uje mo\u017enost zajet se stolem a\u017e <strong>ke krytu stroje a nalo\u017eit jej<\/strong>. Obr\u00e1b\u011bc\u00ed centrum TBI VC Smart Mill se vyzna\u010duje <strong>vysokou konstruk\u010dn\u00ed tuhost\u00ed<\/strong> a <strong>vysokou opakovatelnost\u00ed obr\u00e1b\u011bn\u00ed<\/strong>. Doba obr\u00e1b\u011bn\u00ed je maxim\u00e1ln\u011b zkr\u00e1cena pou\u017eit\u00edm dvouramenn\u00e9ho z\u00e1sobn\u00edku n\u00e1stroj\u016f a bubnov\u00e9ho z\u00e1sobn\u00edku n\u00e1stroj\u016f, kter\u00fd rotuje po nejkrat\u0161\u00ed dr\u00e1ze. D\u016fle\u017eit\u00e9 je, \u017ee <strong>n\u00e1stroj je p\u0159i\u0159azen v kontrole<\/strong>, nikoli ve skladu. Pou\u017eit\u00edm odleh\u010den\u00ed <strong>osy Z<\/strong> se sn\u00ed\u017e\u00ed zat\u00ed\u017een\u00ed motoru p\u0159ibli\u017en\u011b o 60 %, co\u017e zvy\u0161uje jeho \u017eivotnost a sni\u017euje spot\u0159ebu energie.<\/span><\/span><\/p>\n<p style=\"text-align: center;\"><span style=\"color: #ffffff; font-size: 18px; text-align: justify;\"><a style=\"color: #ffffff;\" href=\"https:\/\/tbitech.pl\/jak-wybrac-dostawce-obrabiarki-cnc\/\"><img decoding=\"async\" src=\"https:\/\/tbitech.pl\/wp-content\/uploads\/2022\/09\/dowiedz-sie-wiecej-na-co-zwrocic-uwage.png\" alt=\"\"><\/a><\/span><\/p>\n<\/td>\n<td style=\"width: 2%;\"><\/td>\n<\/tr>\n<\/tbody>\n<\/table>\n<\/div>\n","protected":false},"featured_media":7091,"template":"","meta":{"_acf_changed":false,"_bbp_topic_count":0,"_bbp_reply_count":0,"_bbp_total_topic_count":0,"_bbp_total_reply_count":0,"_bbp_voice_count":0,"_bbp_anonymous_reply_count":0,"_bbp_topic_count_hidden":0,"_bbp_reply_count_hidden":0,"_bbp_forum_subforum_count":0},"product_brand":[],"product_cat":[546,550],"product_tag":[558,559,827,561,557,826,556],"class_list":{"0":"post-11876","1":"product","2":"type-product","3":"status-publish","4":"has-post-thumbnail","6":"product_cat-frezky-cnc","7":"product_cat-vertikalni-obrabeci-centra-rady-vc-smart-mill","8":"product_tag-3osy-stred","9":"product_tag-obrabeci-centrum","10":"product_tag-osa-x-1500","11":"product_tag-siemens-cs","12":"product_tag-vc-cs","13":"product_tag-vc-1570-cs","14":"product_tag-vertikalni-stred","16":"first","17":"onbackorder","18":"virtual","19":"product-type-simple"},"acf":[],"yoast_head":"<!-- This site is optimized with the Yoast SEO plugin v27.4 - https:\/\/yoast.com\/product\/yoast-seo-wordpress\/ -->\n<title>TBI VC 1570 Smart Mill New Line - TBI Technology<\/title>\n<meta name=\"robots\" content=\"index, follow, max-snippet:-1, max-image-preview:large, max-video-preview:-1\" \/>\n<link rel=\"canonical\" href=\"https:\/\/tbitech.pl\/cs\/sklep\/frezky-cnc\/vertikalni-obrabeci-centra-rady-vc-smart-mill\/tbi-vc-1570-smart-mill-new-line-cz-2\/\" \/>\n<meta property=\"og:locale\" content=\"cs_CZ\" \/>\n<meta property=\"og:type\" content=\"article\" \/>\n<meta property=\"og:title\" content=\"TBI VC 1570 Smart Mill New Line - TBI Technology\" \/>\n<meta property=\"og:description\" content=\"Pou\u017eit\u00ed obr\u00e1b\u011bc\u00edho stroje   Vertik\u00e1ln\u00ed obr\u00e1b\u011bc\u00ed centrum TBI VC 1570 Smart Mill je univerz\u00e1ln\u00ed obr\u00e1b\u011bc\u00ed stroj, u kter\u00e9ho je pom\u011br cena\/v\u00fdkon nejv\u00fdhodn\u011bj\u0161\u00ed. Konstrukce a standardn\u00ed konfigurace umo\u017e\u0148uj\u00ed hrubovac\u00ed a dokon\u010dovac\u00ed obr\u00e1b\u011bn\u00ed v malos\u00e9riov\u00e9 a opakovan\u00e9 v\u00fdrob\u011b, kde je pom\u011br cena\/v\u00fdkon nejv\u00fdhodn\u011bj\u0161\u00ed. Tyto stroje pou\u017e\u00edvaj\u00ed na\u0161i z\u00e1kazn\u00edci mimo jin\u00e9 k v\u00fdrob\u011b strojn\u00edch sou\u010d\u00e1st\u00ed a z\u00e1pustek. P\u0159i porovn\u00e1n\u00ed tohoto modelu se st\u00e1vaj\u00edc\u00edmi \u0159e\u0161en\u00edmi na trhu je jeho v\u00fdhodou mo\u017enost obr\u00e1b\u011bt vysok\u00e9 obrobky, proto\u017ee zdvih osy Z je 700 mm. Pou\u017eit\u00e9 ovl\u00e1d\u00e1n\u00ed Siemens 828D je velmi intuitivn\u00ed. Grafick\u00e9 rozhran\u00ed ShopMill usnad\u0148uje rychl\u00e9 programov\u00e1n\u00ed jednotliv\u00fdch model\u016f a malos\u00e9riovou v\u00fdrobu bez nutnosti pou\u017eit\u00ed softwaru CAM. Standardn\u00ed doba zpracov\u00e1n\u00ed bloku je 4,5 ms. \u00daspornosti \u0159e\u0161en\u00ed bylo dosa\u017eeno d\u00edky uzav\u0159en\u00e9 konfiguraci za\u0159\u00edzen\u00ed umo\u017e\u0148uj\u00edc\u00ed plnou funk\u010dnost.    &nbsp;   Dal\u0161\u00ed informace o ml\u00fdnu TBI VC 1270 Smart Mill   V\u0161imn\u011bte si zv\u00fd\u0161en\u00e9 nosnosti stolu 2 000 kg. Konstrukce je zalo\u017eena na k\u0159\u00ed\u017eov\u00e9m stole a kuli\u010dkov\u00e9 \u0161rouby maj\u00ed nejv\u011bt\u0161\u00ed pr\u016fm\u011br (ve srovnateln\u00e9m segmentu stroj\u016f) - to umo\u017e\u0148uje v\u011bt\u0161\u00ed zat\u00ed\u017een\u00ed stolu. Na druhou stranu v\u00e1le\u010dkov\u00e1 veden\u00ed pou\u017eit\u00e1 v ose Y umo\u017e\u0148uj\u00ed nerovnom\u011brn\u00e9 zat\u00ed\u017een\u00ed stolu p\u0159i zachov\u00e1n\u00ed pln\u00fdch parametr\u016f obr\u00e1b\u011bn\u00ed. Pou\u017eit\u00fd voz\u00edkov\u00fd syst\u00e9m se \u0161krabkami a automatick\u00fdm vnit\u0159n\u00edm maz\u00e1n\u00edm je zvolen pro drsn\u00e9 pr\u016fmyslov\u00e9 a pra\u0161n\u00e9 podm\u00ednky. Ergonomii a pohodl\u00ed obsluhy zvy\u0161uje mo\u017enost zajet se stolem a\u017e ke krytu stroje a nalo\u017eit jej. Obr\u00e1b\u011bc\u00ed centrum TBI VC Smart Mill se vyzna\u010duje vysokou konstruk\u010dn\u00ed tuhost\u00ed a vysokou opakovatelnost\u00ed obr\u00e1b\u011bn\u00ed. Doba obr\u00e1b\u011bn\u00ed je maxim\u00e1ln\u011b zkr\u00e1cena pou\u017eit\u00edm dvouramenn\u00e9ho z\u00e1sobn\u00edku n\u00e1stroj\u016f a bubnov\u00e9ho z\u00e1sobn\u00edku n\u00e1stroj\u016f, kter\u00fd rotuje po nejkrat\u0161\u00ed dr\u00e1ze. D\u016fle\u017eit\u00e9 je, \u017ee n\u00e1stroj je p\u0159i\u0159azen v kontrole, nikoli ve skladu. Pou\u017eit\u00edm odleh\u010den\u00ed osy Z se sn\u00ed\u017e\u00ed zat\u00ed\u017een\u00ed motoru p\u0159ibli\u017en\u011b o 60 %, co\u017e zvy\u0161uje jeho \u017eivotnost a sni\u017euje spot\u0159ebu energie.\" \/>\n<meta property=\"og:url\" content=\"https:\/\/tbitech.pl\/cs\/sklep\/frezky-cnc\/vertikalni-obrabeci-centra-rady-vc-smart-mill\/tbi-vc-1570-smart-mill-new-line-cz-2\/\" \/>\n<meta property=\"og:site_name\" content=\"TBI Technology\" \/>\n<meta property=\"article:modified_time\" content=\"2025-03-20T07:39:15+00:00\" \/>\n<meta property=\"og:image\" content=\"https:\/\/tbitech.pl\/wp-content\/uploads\/2022\/01\/VC_1060_NEWLINE_S.png\" \/>\n\t<meta property=\"og:image:width\" content=\"630\" \/>\n\t<meta property=\"og:image:height\" content=\"450\" \/>\n\t<meta property=\"og:image:type\" content=\"image\/png\" \/>\n<meta name=\"twitter:card\" content=\"summary_large_image\" \/>\n<!-- \/ Yoast SEO plugin. -->","yoast_head_json":{"title":"TBI VC 1570 Smart Mill New Line - TBI Technology","robots":{"index":"index","follow":"follow","max-snippet":"max-snippet:-1","max-image-preview":"max-image-preview:large","max-video-preview":"max-video-preview:-1"},"canonical":"https:\/\/tbitech.pl\/cs\/sklep\/frezky-cnc\/vertikalni-obrabeci-centra-rady-vc-smart-mill\/tbi-vc-1570-smart-mill-new-line-cz-2\/","og_locale":"cs_CZ","og_type":"article","og_title":"TBI VC 1570 Smart Mill New Line - TBI Technology","og_description":"Pou\u017eit\u00ed obr\u00e1b\u011bc\u00edho stroje   Vertik\u00e1ln\u00ed obr\u00e1b\u011bc\u00ed centrum TBI VC 1570 Smart Mill je univerz\u00e1ln\u00ed obr\u00e1b\u011bc\u00ed stroj, u kter\u00e9ho je pom\u011br cena\/v\u00fdkon nejv\u00fdhodn\u011bj\u0161\u00ed. Konstrukce a standardn\u00ed konfigurace umo\u017e\u0148uj\u00ed hrubovac\u00ed a dokon\u010dovac\u00ed obr\u00e1b\u011bn\u00ed v malos\u00e9riov\u00e9 a opakovan\u00e9 v\u00fdrob\u011b, kde je pom\u011br cena\/v\u00fdkon nejv\u00fdhodn\u011bj\u0161\u00ed. Tyto stroje pou\u017e\u00edvaj\u00ed na\u0161i z\u00e1kazn\u00edci mimo jin\u00e9 k v\u00fdrob\u011b strojn\u00edch sou\u010d\u00e1st\u00ed a z\u00e1pustek. P\u0159i porovn\u00e1n\u00ed tohoto modelu se st\u00e1vaj\u00edc\u00edmi \u0159e\u0161en\u00edmi na trhu je jeho v\u00fdhodou mo\u017enost obr\u00e1b\u011bt vysok\u00e9 obrobky, proto\u017ee zdvih osy Z je 700 mm. Pou\u017eit\u00e9 ovl\u00e1d\u00e1n\u00ed Siemens 828D je velmi intuitivn\u00ed. Grafick\u00e9 rozhran\u00ed ShopMill usnad\u0148uje rychl\u00e9 programov\u00e1n\u00ed jednotliv\u00fdch model\u016f a malos\u00e9riovou v\u00fdrobu bez nutnosti pou\u017eit\u00ed softwaru CAM. Standardn\u00ed doba zpracov\u00e1n\u00ed bloku je 4,5 ms. \u00daspornosti \u0159e\u0161en\u00ed bylo dosa\u017eeno d\u00edky uzav\u0159en\u00e9 konfiguraci za\u0159\u00edzen\u00ed umo\u017e\u0148uj\u00edc\u00ed plnou funk\u010dnost.    &nbsp;   Dal\u0161\u00ed informace o ml\u00fdnu TBI VC 1270 Smart Mill   V\u0161imn\u011bte si zv\u00fd\u0161en\u00e9 nosnosti stolu 2 000 kg. Konstrukce je zalo\u017eena na k\u0159\u00ed\u017eov\u00e9m stole a kuli\u010dkov\u00e9 \u0161rouby maj\u00ed nejv\u011bt\u0161\u00ed pr\u016fm\u011br (ve srovnateln\u00e9m segmentu stroj\u016f) - to umo\u017e\u0148uje v\u011bt\u0161\u00ed zat\u00ed\u017een\u00ed stolu. Na druhou stranu v\u00e1le\u010dkov\u00e1 veden\u00ed pou\u017eit\u00e1 v ose Y umo\u017e\u0148uj\u00ed nerovnom\u011brn\u00e9 zat\u00ed\u017een\u00ed stolu p\u0159i zachov\u00e1n\u00ed pln\u00fdch parametr\u016f obr\u00e1b\u011bn\u00ed. Pou\u017eit\u00fd voz\u00edkov\u00fd syst\u00e9m se \u0161krabkami a automatick\u00fdm vnit\u0159n\u00edm maz\u00e1n\u00edm je zvolen pro drsn\u00e9 pr\u016fmyslov\u00e9 a pra\u0161n\u00e9 podm\u00ednky. Ergonomii a pohodl\u00ed obsluhy zvy\u0161uje mo\u017enost zajet se stolem a\u017e ke krytu stroje a nalo\u017eit jej. Obr\u00e1b\u011bc\u00ed centrum TBI VC Smart Mill se vyzna\u010duje vysokou konstruk\u010dn\u00ed tuhost\u00ed a vysokou opakovatelnost\u00ed obr\u00e1b\u011bn\u00ed. Doba obr\u00e1b\u011bn\u00ed je maxim\u00e1ln\u011b zkr\u00e1cena pou\u017eit\u00edm dvouramenn\u00e9ho z\u00e1sobn\u00edku n\u00e1stroj\u016f a bubnov\u00e9ho z\u00e1sobn\u00edku n\u00e1stroj\u016f, kter\u00fd rotuje po nejkrat\u0161\u00ed dr\u00e1ze. D\u016fle\u017eit\u00e9 je, \u017ee n\u00e1stroj je p\u0159i\u0159azen v kontrole, nikoli ve skladu. Pou\u017eit\u00edm odleh\u010den\u00ed osy Z se sn\u00ed\u017e\u00ed zat\u00ed\u017een\u00ed motoru p\u0159ibli\u017en\u011b o 60 %, co\u017e zvy\u0161uje jeho \u017eivotnost a sni\u017euje spot\u0159ebu energie.","og_url":"https:\/\/tbitech.pl\/cs\/sklep\/frezky-cnc\/vertikalni-obrabeci-centra-rady-vc-smart-mill\/tbi-vc-1570-smart-mill-new-line-cz-2\/","og_site_name":"TBI Technology","article_modified_time":"2025-03-20T07:39:15+00:00","og_image":[{"width":630,"height":450,"url":"https:\/\/tbitech.pl\/wp-content\/uploads\/2022\/01\/VC_1060_NEWLINE_S.png","type":"image\/png"}],"twitter_card":"summary_large_image","schema":{"@context":"https:\/\/schema.org","@graph":[{"@type":"WebPage","@id":"https:\/\/tbitech.pl\/cs\/sklep\/frezky-cnc\/vertikalni-obrabeci-centra-rady-vc-smart-mill\/tbi-vc-1570-smart-mill-new-line-cz-2\/","url":"https:\/\/tbitech.pl\/cs\/sklep\/frezky-cnc\/vertikalni-obrabeci-centra-rady-vc-smart-mill\/tbi-vc-1570-smart-mill-new-line-cz-2\/","name":"TBI VC 1570 Smart Mill New Line - TBI Technology","isPartOf":{"@id":"https:\/\/tbitech.pl\/cs\/#website"},"primaryImageOfPage":{"@id":"https:\/\/tbitech.pl\/cs\/sklep\/frezky-cnc\/vertikalni-obrabeci-centra-rady-vc-smart-mill\/tbi-vc-1570-smart-mill-new-line-cz-2\/#primaryimage"},"image":{"@id":"https:\/\/tbitech.pl\/cs\/sklep\/frezky-cnc\/vertikalni-obrabeci-centra-rady-vc-smart-mill\/tbi-vc-1570-smart-mill-new-line-cz-2\/#primaryimage"},"thumbnailUrl":"https:\/\/tbitech.pl\/wp-content\/uploads\/2022\/01\/VC_1060_NEWLINE_S.png","datePublished":"2021-11-04T08:18:39+00:00","dateModified":"2025-03-20T07:39:15+00:00","breadcrumb":{"@id":"https:\/\/tbitech.pl\/cs\/sklep\/frezky-cnc\/vertikalni-obrabeci-centra-rady-vc-smart-mill\/tbi-vc-1570-smart-mill-new-line-cz-2\/#breadcrumb"},"inLanguage":"cs","potentialAction":[{"@type":"ReadAction","target":["https:\/\/tbitech.pl\/cs\/sklep\/frezky-cnc\/vertikalni-obrabeci-centra-rady-vc-smart-mill\/tbi-vc-1570-smart-mill-new-line-cz-2\/"]}]},{"@type":"ImageObject","inLanguage":"cs","@id":"https:\/\/tbitech.pl\/cs\/sklep\/frezky-cnc\/vertikalni-obrabeci-centra-rady-vc-smart-mill\/tbi-vc-1570-smart-mill-new-line-cz-2\/#primaryimage","url":"https:\/\/tbitech.pl\/wp-content\/uploads\/2022\/01\/VC_1060_NEWLINE_S.png","contentUrl":"https:\/\/tbitech.pl\/wp-content\/uploads\/2022\/01\/VC_1060_NEWLINE_S.png","width":630,"height":450,"caption":"CNC soustruh TBI VC 1060 HH New Line - TBITECH.PL"},{"@type":"BreadcrumbList","@id":"https:\/\/tbitech.pl\/cs\/sklep\/frezky-cnc\/vertikalni-obrabeci-centra-rady-vc-smart-mill\/tbi-vc-1570-smart-mill-new-line-cz-2\/#breadcrumb","itemListElement":[{"@type":"ListItem","position":1,"name":"Strona g\u0142\u00f3wna","item":"https:\/\/tbitech.pl\/cs\/"},{"@type":"ListItem","position":2,"name":"Obchod","item":"https:\/\/tbitech.pl\/cs\/obchod\/"},{"@type":"ListItem","position":3,"name":"TBI VC 1570 Smart Mill New Line"}]},{"@type":"WebSite","@id":"https:\/\/tbitech.pl\/cs\/#website","url":"https:\/\/tbitech.pl\/cs\/","name":"TBI Technology","description":"Za innowacj\u0105 stoi cz\u0142owiek","potentialAction":[{"@type":"SearchAction","target":{"@type":"EntryPoint","urlTemplate":"https:\/\/tbitech.pl\/cs\/?s={search_term_string}"},"query-input":{"@type":"PropertyValueSpecification","valueRequired":true,"valueName":"search_term_string"}}],"inLanguage":"cs"}]}},"_links":{"self":[{"href":"https:\/\/tbitech.pl\/cs\/wp-json\/wp\/v2\/product\/11876","targetHints":{"allow":["GET"]}}],"collection":[{"href":"https:\/\/tbitech.pl\/cs\/wp-json\/wp\/v2\/product"}],"about":[{"href":"https:\/\/tbitech.pl\/cs\/wp-json\/wp\/v2\/types\/product"}],"version-history":[{"count":1,"href":"https:\/\/tbitech.pl\/cs\/wp-json\/wp\/v2\/product\/11876\/revisions"}],"predecessor-version":[{"id":19841,"href":"https:\/\/tbitech.pl\/cs\/wp-json\/wp\/v2\/product\/11876\/revisions\/19841"}],"wp:featuredmedia":[{"embeddable":true,"href":"https:\/\/tbitech.pl\/cs\/wp-json\/wp\/v2\/media\/7091"}],"wp:attachment":[{"href":"https:\/\/tbitech.pl\/cs\/wp-json\/wp\/v2\/media?parent=11876"}],"wp:term":[{"taxonomy":"product_brand","embeddable":true,"href":"https:\/\/tbitech.pl\/cs\/wp-json\/wp\/v2\/product_brand?post=11876"},{"taxonomy":"product_cat","embeddable":true,"href":"https:\/\/tbitech.pl\/cs\/wp-json\/wp\/v2\/product_cat?post=11876"},{"taxonomy":"product_tag","embeddable":true,"href":"https:\/\/tbitech.pl\/cs\/wp-json\/wp\/v2\/product_tag?post=11876"}],"curies":[{"name":"wp","href":"https:\/\/api.w.org\/{rel}","templated":true}]}}