{"id":19827,"date":"2025-03-19T13:10:25","date_gmt":"2025-03-19T13:10:25","guid":{"rendered":"https:\/\/tbitech.pl\/?post_type=product&#038;p=19827"},"modified":"2025-03-20T08:12:01","modified_gmt":"2025-03-20T08:12:01","slug":"tbi-sdv-h-2219-cz-2","status":"publish","type":"product","link":"https:\/\/tbitech.pl\/cs\/sklep\/frezky-cnc\/portalove-frezky-rady-sdv-h\/tbi-sdv-h-2219-cz-2\/","title":{"rendered":"TBI SDV-H 2219 F demo"},"content":{"rendered":"","protected":false},"excerpt":{"rendered":"<div class=\"row\">\n<table style=\"background-color: #f0f0f0; width: 100%;\" cellspacing=\"20\" cellpadding=\"20\">\n<tbody>\n<tr>\n<td style=\"width: 2%;\"><\/td>\n<td style=\"text-align: left;\"><span style=\"font-size: 24px;\"><b>Pou\u017eit\u00ed obr\u00e1b\u011bc\u00edho stroje<br \/>\n<\/b><\/span><\/td>\n<td style=\"width: 2%;\"><\/td>\n<\/tr>\n<tr>\n<td style=\"width: 2%;\"><\/td>\n<td><span style=\"font-size: 14px; text-align: justify; line-height: 180%;\">Port\u00e1lov\u00e9 fr\u00e9zky TBI SDV-H se pou\u017e\u00edvaj\u00ed <strong>pro hrubov\u00e1n\u00ed a dokon\u010dov\u00e1n\u00ed velk\u00fdch obrobk\u016f s vy\u0161\u0161\u00ed hmotnost\u00ed<\/strong>. Port\u00e1lov\u00e1 konstrukce t\u011bla stroje je stabiln\u011bj\u0161\u00ed ne\u017e klasick\u00e1 konstrukce ve tvaru p\u00edsmene C pou\u017e\u00edvan\u00e1 u t\u0159\u00edos\u00fdch CNC obr\u00e1b\u011bc\u00edch center &#8211; port\u00e1lov\u00e9 fr\u00e9zky se tak vyzna\u010duj\u00ed vysokou tuhost\u00ed, kter\u00e1 zaru\u010duje efektivn\u00ed obr\u00e1b\u011bn\u00ed a mo\u017enost hlubok\u00e9ho \u0159ez\u00e1n\u00ed (AP) p\u0159i sou\u010dasn\u00e9m vysok\u00e9m posuvu (F). Je t\u0159eba poznamenat, \u017ee port\u00e1lov\u00e9 fr\u00e9zky \u0159ady TBI SDV-H mohou obr\u00e1b\u011bt obrobky del\u0161\u00ed, ne\u017e je dr\u00e1ha osy X stroje. Standardn\u00edm vybaven\u00edm je dvoustup\u0148ov\u00e1 p\u0159evodovka zaji\u0161\u0165uj\u00edc\u00ed vysok\u00fd to\u010div\u00fd moment. Pou\u017eit\u00ed \u00fahlov\u00fdch hlav umo\u017e\u0148uje <strong>obr\u00e1b\u011bn\u00ed na p\u011bti stran\u00e1ch.<\/strong><br \/>\n<\/span><\/td>\n<td style=\"width: 2%;\"><\/td>\n<\/tr>\n<\/tbody>\n<\/table>\n<\/div>\n<p>&nbsp;<\/p>\n<div class=\"row\">\n<table style=\"background-color: #3991b7; width: 100%;\" cellspacing=\"20\" cellpadding=\"20\">\n<tbody>\n<tr>\n<td style=\"width: 2%;\"><\/td>\n<td style=\"text-align: left;\"><span style=\"font-size: 24px; color: #ffffff;\"><b>Zjist\u011bte v\u00edce o TBI SDV-H<br \/>\n<\/b><\/span><\/td>\n<td style=\"width: 2%;\"><\/td>\n<\/tr>\n<tr>\n<td style=\"width: 2%;\"><\/td>\n<td>\n<p style=\"text-align: justify;\"><span style=\"color: #ffffff;\"><span style=\"font-size: 14px;\">Z\u00e1kladna v\u0159eten\u00edku port\u00e1lov\u00e9 fr\u00e9zky TBI SDV-H m\u00e1 4 vodic\u00ed dr\u00e1hy v ose Z<strong>. <\/strong>Automatizace procesu obr\u00e1b\u011bn\u00ed a zkr\u00e1cen\u00ed se\u0159izovac\u00edch \u010das\u016f jsou zaru\u010deny v\u0159eten\u00edkem (v\u00fdm\u011bna hlav vypad\u00e1 podobn\u011b jako v\u00fdm\u011bna n\u00e1stroje ze skladu). P\u0159e\u010dt\u011bte si tak\u00e9 na\u0161e \u010dl\u00e1nky o vyu\u017eit\u00ed port\u00e1lov\u00fdch fr\u00e9zek v ka\u017edodenn\u00ed v\u00fdrob\u011b &#8211; <span style=\"color: #ffffff;\"><strong><a style=\"color: #ffffff;\" href=\"https:\/\/tbitech.pl\/brama-do-raju-czy-do-piekiel-frezarka-bramowa-tbi-sdv-h\/\">Br\u00e1na do r\u00e1je nebo do pekla? Fr\u00e9zka na br\u00e1ny TBI SDV-H. <\/a><\/strong><\/span><\/span><\/span><\/p>\n<p style=\"text-align: center;\"><span style=\"color: #ffffff; font-size: 18px; text-align: justify;\"><a style=\"color: #ffffff;\" href=\"https:\/\/tbitech.pl\/case-study-huta-zabrze-s-a\/\"><img decoding=\"async\" src=\"https:\/\/tbitech.pl\/wp-content\/uploads\/2023\/07\/btn_huta.png\" alt=\"\" \/><\/a><\/span><\/p>\n<\/td>\n<td style=\"width: 2%;\"><\/td>\n<\/tr>\n<\/tbody>\n<\/table>\n<\/div>\n","protected":false},"featured_media":7075,"template":"","meta":{"_acf_changed":false,"_bbp_topic_count":0,"_bbp_reply_count":0,"_bbp_total_topic_count":0,"_bbp_total_reply_count":0,"_bbp_voice_count":0,"_bbp_anonymous_reply_count":0,"_bbp_topic_count_hidden":0,"_bbp_reply_count_hidden":0,"_bbp_forum_subforum_count":0},"product_brand":[],"product_cat":[546,547],"product_tag":[638,639,635,636,637],"class_list":{"0":"post-19827","1":"product","2":"type-product","3":"status-publish","4":"has-post-thumbnail","6":"product_cat-frezky-cnc","7":"product_cat-portalove-frezky-rady-sdv-h","8":"product_tag-brana","9":"product_tag-brana-cs","10":"product_tag-portalova-obrabeci-centra","11":"product_tag-tbi-sdv-cs","12":"product_tag-tbi-sdv-h-cs","14":"first","15":"onbackorder","16":"virtual","17":"product-type-simple"},"acf":[],"yoast_head":"<!-- This site is optimized with the Yoast SEO plugin v27.4 - https:\/\/yoast.com\/product\/yoast-seo-wordpress\/ -->\n<title>CNC fr\u00e9zka TBI SDV-H 2219 F demo - TBI Technology<\/title>\n<meta name=\"robots\" content=\"index, follow, max-snippet:-1, max-image-preview:large, max-video-preview:-1\" \/>\n<link rel=\"canonical\" href=\"https:\/\/tbitech.pl\/cs\/sklep\/frezky-cnc\/portalove-frezky-rady-sdv-h\/tbi-sdv-h-2219-cz-2\/\" \/>\n<meta property=\"og:locale\" content=\"cs_CZ\" \/>\n<meta property=\"og:type\" content=\"article\" \/>\n<meta property=\"og:title\" content=\"CNC fr\u00e9zka TBI SDV-H 2219 F demo - TBI Technology\" \/>\n<meta property=\"og:description\" content=\"Pou\u017eit\u00ed obr\u00e1b\u011bc\u00edho stroje      Port\u00e1lov\u00e9 fr\u00e9zky TBI SDV-H se pou\u017e\u00edvaj\u00ed pro hrubov\u00e1n\u00ed a dokon\u010dov\u00e1n\u00ed velk\u00fdch obrobk\u016f s vy\u0161\u0161\u00ed hmotnost\u00ed. Port\u00e1lov\u00e1 konstrukce t\u011bla stroje je stabiln\u011bj\u0161\u00ed ne\u017e klasick\u00e1 konstrukce ve tvaru p\u00edsmene C pou\u017e\u00edvan\u00e1 u t\u0159\u00edos\u00fdch CNC obr\u00e1b\u011bc\u00edch center - port\u00e1lov\u00e9 fr\u00e9zky se tak vyzna\u010duj\u00ed vysokou tuhost\u00ed, kter\u00e1 zaru\u010duje efektivn\u00ed obr\u00e1b\u011bn\u00ed a mo\u017enost hlubok\u00e9ho \u0159ez\u00e1n\u00ed (AP) p\u0159i sou\u010dasn\u00e9m vysok\u00e9m posuvu (F). Je t\u0159eba poznamenat, \u017ee port\u00e1lov\u00e9 fr\u00e9zky \u0159ady TBI SDV-H mohou obr\u00e1b\u011bt obrobky del\u0161\u00ed, ne\u017e je dr\u00e1ha osy X stroje. Standardn\u00edm vybaven\u00edm je dvoustup\u0148ov\u00e1 p\u0159evodovka zaji\u0161\u0165uj\u00edc\u00ed vysok\u00fd to\u010div\u00fd moment. Pou\u017eit\u00ed \u00fahlov\u00fdch hlav umo\u017e\u0148uje obr\u00e1b\u011bn\u00ed na p\u011bti stran\u00e1ch.       &nbsp;      Zjist\u011bte v\u00edce o TBI SDV-H       Z\u00e1kladna v\u0159eten\u00edku port\u00e1lov\u00e9 fr\u00e9zky TBI SDV-H m\u00e1 4 vodic\u00ed dr\u00e1hy v ose Z. Automatizace procesu obr\u00e1b\u011bn\u00ed a zkr\u00e1cen\u00ed se\u0159izovac\u00edch \u010das\u016f jsou zaru\u010deny v\u0159eten\u00edkem (v\u00fdm\u011bna hlav vypad\u00e1 podobn\u011b jako v\u00fdm\u011bna n\u00e1stroje ze skladu). P\u0159e\u010dt\u011bte si tak\u00e9 na\u0161e \u010dl\u00e1nky o vyu\u017eit\u00ed port\u00e1lov\u00fdch fr\u00e9zek v ka\u017edodenn\u00ed v\u00fdrob\u011b - Br\u00e1na do r\u00e1je nebo do pekla? Fr\u00e9zka na br\u00e1ny TBI SDV-H.\" \/>\n<meta property=\"og:url\" content=\"https:\/\/tbitech.pl\/cs\/sklep\/frezky-cnc\/portalove-frezky-rady-sdv-h\/tbi-sdv-h-2219-cz-2\/\" \/>\n<meta property=\"og:site_name\" content=\"TBI Technology\" \/>\n<meta property=\"article:modified_time\" content=\"2025-03-20T08:12:01+00:00\" \/>\n<meta property=\"og:image\" content=\"https:\/\/tbitech.pl\/wp-content\/uploads\/2021\/12\/SDV_H_1611.png\" \/>\n\t<meta property=\"og:image:width\" content=\"630\" \/>\n\t<meta property=\"og:image:height\" content=\"450\" \/>\n\t<meta property=\"og:image:type\" content=\"image\/png\" \/>\n<meta name=\"twitter:card\" content=\"summary_large_image\" \/>\n<meta name=\"twitter:label1\" content=\"Odhadovan\u00e1 doba \u010dten\u00ed\" \/>\n\t<meta name=\"twitter:data1\" content=\"1 minuta\" \/>\n<!-- \/ Yoast SEO plugin. -->","yoast_head_json":{"title":"CNC fr\u00e9zka TBI SDV-H 2219 F demo - TBI Technology","robots":{"index":"index","follow":"follow","max-snippet":"max-snippet:-1","max-image-preview":"max-image-preview:large","max-video-preview":"max-video-preview:-1"},"canonical":"https:\/\/tbitech.pl\/cs\/sklep\/frezky-cnc\/portalove-frezky-rady-sdv-h\/tbi-sdv-h-2219-cz-2\/","og_locale":"cs_CZ","og_type":"article","og_title":"CNC fr\u00e9zka TBI SDV-H 2219 F demo - TBI Technology","og_description":"Pou\u017eit\u00ed obr\u00e1b\u011bc\u00edho stroje      Port\u00e1lov\u00e9 fr\u00e9zky TBI SDV-H se pou\u017e\u00edvaj\u00ed pro hrubov\u00e1n\u00ed a dokon\u010dov\u00e1n\u00ed velk\u00fdch obrobk\u016f s vy\u0161\u0161\u00ed hmotnost\u00ed. Port\u00e1lov\u00e1 konstrukce t\u011bla stroje je stabiln\u011bj\u0161\u00ed ne\u017e klasick\u00e1 konstrukce ve tvaru p\u00edsmene C pou\u017e\u00edvan\u00e1 u t\u0159\u00edos\u00fdch CNC obr\u00e1b\u011bc\u00edch center - port\u00e1lov\u00e9 fr\u00e9zky se tak vyzna\u010duj\u00ed vysokou tuhost\u00ed, kter\u00e1 zaru\u010duje efektivn\u00ed obr\u00e1b\u011bn\u00ed a mo\u017enost hlubok\u00e9ho \u0159ez\u00e1n\u00ed (AP) p\u0159i sou\u010dasn\u00e9m vysok\u00e9m posuvu (F). Je t\u0159eba poznamenat, \u017ee port\u00e1lov\u00e9 fr\u00e9zky \u0159ady TBI SDV-H mohou obr\u00e1b\u011bt obrobky del\u0161\u00ed, ne\u017e je dr\u00e1ha osy X stroje. Standardn\u00edm vybaven\u00edm je dvoustup\u0148ov\u00e1 p\u0159evodovka zaji\u0161\u0165uj\u00edc\u00ed vysok\u00fd to\u010div\u00fd moment. Pou\u017eit\u00ed \u00fahlov\u00fdch hlav umo\u017e\u0148uje obr\u00e1b\u011bn\u00ed na p\u011bti stran\u00e1ch.       &nbsp;      Zjist\u011bte v\u00edce o TBI SDV-H       Z\u00e1kladna v\u0159eten\u00edku port\u00e1lov\u00e9 fr\u00e9zky TBI SDV-H m\u00e1 4 vodic\u00ed dr\u00e1hy v ose Z. Automatizace procesu obr\u00e1b\u011bn\u00ed a zkr\u00e1cen\u00ed se\u0159izovac\u00edch \u010das\u016f jsou zaru\u010deny v\u0159eten\u00edkem (v\u00fdm\u011bna hlav vypad\u00e1 podobn\u011b jako v\u00fdm\u011bna n\u00e1stroje ze skladu). P\u0159e\u010dt\u011bte si tak\u00e9 na\u0161e \u010dl\u00e1nky o vyu\u017eit\u00ed port\u00e1lov\u00fdch fr\u00e9zek v ka\u017edodenn\u00ed v\u00fdrob\u011b - Br\u00e1na do r\u00e1je nebo do pekla? Fr\u00e9zka na br\u00e1ny TBI SDV-H.","og_url":"https:\/\/tbitech.pl\/cs\/sklep\/frezky-cnc\/portalove-frezky-rady-sdv-h\/tbi-sdv-h-2219-cz-2\/","og_site_name":"TBI Technology","article_modified_time":"2025-03-20T08:12:01+00:00","og_image":[{"width":630,"height":450,"url":"https:\/\/tbitech.pl\/wp-content\/uploads\/2021\/12\/SDV_H_1611.png","type":"image\/png"}],"twitter_card":"summary_large_image","twitter_misc":{"Odhadovan\u00e1 doba \u010dten\u00ed":"1 minuta"},"schema":{"@context":"https:\/\/schema.org","@graph":[{"@type":"WebPage","@id":"https:\/\/tbitech.pl\/cs\/sklep\/frezky-cnc\/portalove-frezky-rady-sdv-h\/tbi-sdv-h-2219-cz-2\/","url":"https:\/\/tbitech.pl\/cs\/sklep\/frezky-cnc\/portalove-frezky-rady-sdv-h\/tbi-sdv-h-2219-cz-2\/","name":"CNC fr\u00e9zka TBI SDV-H 2219 F demo - TBI Technology","isPartOf":{"@id":"https:\/\/tbitech.pl\/cs\/#website"},"primaryImageOfPage":{"@id":"https:\/\/tbitech.pl\/cs\/sklep\/frezky-cnc\/portalove-frezky-rady-sdv-h\/tbi-sdv-h-2219-cz-2\/#primaryimage"},"image":{"@id":"https:\/\/tbitech.pl\/cs\/sklep\/frezky-cnc\/portalove-frezky-rady-sdv-h\/tbi-sdv-h-2219-cz-2\/#primaryimage"},"thumbnailUrl":"https:\/\/tbitech.pl\/wp-content\/uploads\/2021\/12\/SDV_H_1611.png","datePublished":"2025-03-19T13:10:25+00:00","dateModified":"2025-03-20T08:12:01+00:00","breadcrumb":{"@id":"https:\/\/tbitech.pl\/cs\/sklep\/frezky-cnc\/portalove-frezky-rady-sdv-h\/tbi-sdv-h-2219-cz-2\/#breadcrumb"},"inLanguage":"cs","potentialAction":[{"@type":"ReadAction","target":["https:\/\/tbitech.pl\/cs\/sklep\/frezky-cnc\/portalove-frezky-rady-sdv-h\/tbi-sdv-h-2219-cz-2\/"]}]},{"@type":"ImageObject","inLanguage":"cs","@id":"https:\/\/tbitech.pl\/cs\/sklep\/frezky-cnc\/portalove-frezky-rady-sdv-h\/tbi-sdv-h-2219-cz-2\/#primaryimage","url":"https:\/\/tbitech.pl\/wp-content\/uploads\/2021\/12\/SDV_H_1611.png","contentUrl":"https:\/\/tbitech.pl\/wp-content\/uploads\/2021\/12\/SDV_H_1611.png","width":630,"height":450,"caption":"Port\u00e1lov\u00e1 fr\u00e9zka \u0159ady SDV-H 1611 - TBITECH.PL"},{"@type":"BreadcrumbList","@id":"https:\/\/tbitech.pl\/cs\/sklep\/frezky-cnc\/portalove-frezky-rady-sdv-h\/tbi-sdv-h-2219-cz-2\/#breadcrumb","itemListElement":[{"@type":"ListItem","position":1,"name":"Strona g\u0142\u00f3wna","item":"https:\/\/tbitech.pl\/cs\/"},{"@type":"ListItem","position":2,"name":"Obchod","item":"https:\/\/tbitech.pl\/cs\/obchod\/"},{"@type":"ListItem","position":3,"name":"TBI SDV-H 2219 F demo"}]},{"@type":"WebSite","@id":"https:\/\/tbitech.pl\/cs\/#website","url":"https:\/\/tbitech.pl\/cs\/","name":"TBI Technology","description":"Za innowacj\u0105 stoi cz\u0142owiek","potentialAction":[{"@type":"SearchAction","target":{"@type":"EntryPoint","urlTemplate":"https:\/\/tbitech.pl\/cs\/?s={search_term_string}"},"query-input":{"@type":"PropertyValueSpecification","valueRequired":true,"valueName":"search_term_string"}}],"inLanguage":"cs"}]}},"_links":{"self":[{"href":"https:\/\/tbitech.pl\/cs\/wp-json\/wp\/v2\/product\/19827","targetHints":{"allow":["GET"]}}],"collection":[{"href":"https:\/\/tbitech.pl\/cs\/wp-json\/wp\/v2\/product"}],"about":[{"href":"https:\/\/tbitech.pl\/cs\/wp-json\/wp\/v2\/types\/product"}],"version-history":[{"count":2,"href":"https:\/\/tbitech.pl\/cs\/wp-json\/wp\/v2\/product\/19827\/revisions"}],"predecessor-version":[{"id":19856,"href":"https:\/\/tbitech.pl\/cs\/wp-json\/wp\/v2\/product\/19827\/revisions\/19856"}],"wp:featuredmedia":[{"embeddable":true,"href":"https:\/\/tbitech.pl\/cs\/wp-json\/wp\/v2\/media\/7075"}],"wp:attachment":[{"href":"https:\/\/tbitech.pl\/cs\/wp-json\/wp\/v2\/media?parent=19827"}],"wp:term":[{"taxonomy":"product_brand","embeddable":true,"href":"https:\/\/tbitech.pl\/cs\/wp-json\/wp\/v2\/product_brand?post=19827"},{"taxonomy":"product_cat","embeddable":true,"href":"https:\/\/tbitech.pl\/cs\/wp-json\/wp\/v2\/product_cat?post=19827"},{"taxonomy":"product_tag","embeddable":true,"href":"https:\/\/tbitech.pl\/cs\/wp-json\/wp\/v2\/product_tag?post=19827"}],"curies":[{"name":"wp","href":"https:\/\/api.w.org\/{rel}","templated":true}]}}