{"id":8960,"date":"2022-08-02T09:55:41","date_gmt":"2022-08-02T09:55:42","guid":{"rendered":"https:\/\/tbitech.pl\/?post_type=product&#038;p=8960"},"modified":"2023-01-16T09:56:38","modified_gmt":"2023-01-16T09:56:38","slug":"tbi-tc-300-65-compact-mc-2020","status":"publish","type":"product","link":"https:\/\/tbitech.pl\/en\/sklep\/lathes\/slant-bed-lathes-tc-300-series\/tbi-tc-300-65-compact-mc-2020\/","title":{"rendered":"TBI TC 300-65 Compact MC (2020)"},"content":{"rendered":"","protected":false},"excerpt":{"rendered":"","protected":false},"featured_media":6229,"template":"","meta":{"_acf_changed":false,"_bbp_topic_count":0,"_bbp_reply_count":0,"_bbp_total_topic_count":0,"_bbp_total_reply_count":0,"_bbp_voice_count":0,"_bbp_anonymous_reply_count":0,"_bbp_topic_count_hidden":0,"_bbp_reply_count_hidden":0,"_bbp_forum_subforum_count":0},"product_brand":[],"product_cat":[273,277],"product_tag":[281,420,280,434,314,317,399,426],"class_list":{"0":"post-8960","1":"product","2":"type-product","3":"status-publish","4":"has-post-thumbnail","6":"product_cat-lathes","7":"product_cat-slant-bed-lathes-tc-300-series","8":"product_tag-driven-tools","9":"product_tag-lathe","10":"product_tag-lathes","11":"product_tag-slant-bed-lathes","12":"product_tag-tbi-tc-300-compact-en","13":"product_tag-tc-300-compact-mc-en","14":"product_tag-tc-300-series","15":"product_tag-tc-lathe","17":"first","18":"instock","19":"virtual","20":"product-type-simple"},"acf":[],"yoast_head":"<!-- This site is optimized with the Yoast SEO plugin v27.4 - https:\/\/yoast.com\/product\/yoast-seo-wordpress\/ -->\n<title>TBI TC 300-65 Compact MC (2020) - TBI Technology<\/title>\n<meta name=\"robots\" content=\"index, follow, max-snippet:-1, max-image-preview:large, max-video-preview:-1\" \/>\n<link rel=\"canonical\" href=\"https:\/\/tbitech.pl\/en\/sklep\/lathes\/slant-bed-lathes-tc-300-series\/tbi-tc-300-65-compact-mc-2020\/\" \/>\n<meta property=\"og:locale\" content=\"en_US\" \/>\n<meta property=\"og:type\" content=\"article\" \/>\n<meta property=\"og:title\" content=\"TBI TC 300-65 Compact MC (2020) - TBI Technology\" \/>\n<meta property=\"og:url\" content=\"https:\/\/tbitech.pl\/en\/sklep\/lathes\/slant-bed-lathes-tc-300-series\/tbi-tc-300-65-compact-mc-2020\/\" \/>\n<meta property=\"og:site_name\" content=\"TBI Technology\" \/>\n<meta property=\"article:modified_time\" content=\"2023-01-16T09:56:38+00:00\" \/>\n<meta property=\"og:image\" content=\"https:\/\/tbitech.pl\/wp-content\/uploads\/2022\/01\/TC_300.png\" \/>\n\t<meta property=\"og:image:width\" content=\"630\" \/>\n\t<meta property=\"og:image:height\" content=\"450\" \/>\n\t<meta property=\"og:image:type\" content=\"image\/png\" \/>\n<meta name=\"twitter:card\" content=\"summary_large_image\" \/>\n<!-- \/ Yoast SEO plugin. -->","yoast_head_json":{"title":"TBI TC 300-65 Compact MC (2020) - TBI Technology","robots":{"index":"index","follow":"follow","max-snippet":"max-snippet:-1","max-image-preview":"max-image-preview:large","max-video-preview":"max-video-preview:-1"},"canonical":"https:\/\/tbitech.pl\/en\/sklep\/lathes\/slant-bed-lathes-tc-300-series\/tbi-tc-300-65-compact-mc-2020\/","og_locale":"en_US","og_type":"article","og_title":"TBI TC 300-65 Compact MC (2020) - TBI Technology","og_url":"https:\/\/tbitech.pl\/en\/sklep\/lathes\/slant-bed-lathes-tc-300-series\/tbi-tc-300-65-compact-mc-2020\/","og_site_name":"TBI Technology","article_modified_time":"2023-01-16T09:56:38+00:00","og_image":[{"width":630,"height":450,"url":"https:\/\/tbitech.pl\/wp-content\/uploads\/2022\/01\/TC_300.png","type":"image\/png"}],"twitter_card":"summary_large_image","schema":{"@context":"https:\/\/schema.org","@graph":[{"@type":"WebPage","@id":"https:\/\/tbitech.pl\/en\/sklep\/lathes\/slant-bed-lathes-tc-300-series\/tbi-tc-300-65-compact-mc-2020\/","url":"https:\/\/tbitech.pl\/en\/sklep\/lathes\/slant-bed-lathes-tc-300-series\/tbi-tc-300-65-compact-mc-2020\/","name":"TBI TC 300-65 Compact MC (2020) - TBI Technology","isPartOf":{"@id":"https:\/\/tbitech.pl\/en\/#website"},"primaryImageOfPage":{"@id":"https:\/\/tbitech.pl\/en\/sklep\/lathes\/slant-bed-lathes-tc-300-series\/tbi-tc-300-65-compact-mc-2020\/#primaryimage"},"image":{"@id":"https:\/\/tbitech.pl\/en\/sklep\/lathes\/slant-bed-lathes-tc-300-series\/tbi-tc-300-65-compact-mc-2020\/#primaryimage"},"thumbnailUrl":"https:\/\/tbitech.pl\/wp-content\/uploads\/2022\/01\/TC_300.png","datePublished":"2022-08-02T09:55:42+00:00","dateModified":"2023-01-16T09:56:38+00:00","breadcrumb":{"@id":"https:\/\/tbitech.pl\/en\/sklep\/lathes\/slant-bed-lathes-tc-300-series\/tbi-tc-300-65-compact-mc-2020\/#breadcrumb"},"inLanguage":"en-US","potentialAction":[{"@type":"ReadAction","target":["https:\/\/tbitech.pl\/en\/sklep\/lathes\/slant-bed-lathes-tc-300-series\/tbi-tc-300-65-compact-mc-2020\/"]}]},{"@type":"ImageObject","inLanguage":"en-US","@id":"https:\/\/tbitech.pl\/en\/sklep\/lathes\/slant-bed-lathes-tc-300-series\/tbi-tc-300-65-compact-mc-2020\/#primaryimage","url":"https:\/\/tbitech.pl\/wp-content\/uploads\/2022\/01\/TC_300.png","contentUrl":"https:\/\/tbitech.pl\/wp-content\/uploads\/2022\/01\/TC_300.png","width":630,"height":450,"caption":"Tokarka CNC ze sko\u015bnym \u0142o\u017cem TBI TC 300 - TBITECH.PL"},{"@type":"BreadcrumbList","@id":"https:\/\/tbitech.pl\/en\/sklep\/lathes\/slant-bed-lathes-tc-300-series\/tbi-tc-300-65-compact-mc-2020\/#breadcrumb","itemListElement":[{"@type":"ListItem","position":1,"name":"Strona g\u0142\u00f3wna","item":"https:\/\/tbitech.pl\/en\/"},{"@type":"ListItem","position":2,"name":"Shop","item":"https:\/\/tbitech.pl\/en\/shop\/"},{"@type":"ListItem","position":3,"name":"TBI TC 300-65 Compact MC (2020)"}]},{"@type":"WebSite","@id":"https:\/\/tbitech.pl\/en\/#website","url":"https:\/\/tbitech.pl\/en\/","name":"TBI Technology","description":"Innovation is creating by human","potentialAction":[{"@type":"SearchAction","target":{"@type":"EntryPoint","urlTemplate":"https:\/\/tbitech.pl\/en\/?s={search_term_string}"},"query-input":{"@type":"PropertyValueSpecification","valueRequired":true,"valueName":"search_term_string"}}],"inLanguage":"en-US"}]}},"_links":{"self":[{"href":"https:\/\/tbitech.pl\/en\/wp-json\/wp\/v2\/product\/8960","targetHints":{"allow":["GET"]}}],"collection":[{"href":"https:\/\/tbitech.pl\/en\/wp-json\/wp\/v2\/product"}],"about":[{"href":"https:\/\/tbitech.pl\/en\/wp-json\/wp\/v2\/types\/product"}],"version-history":[{"count":2,"href":"https:\/\/tbitech.pl\/en\/wp-json\/wp\/v2\/product\/8960\/revisions"}],"predecessor-version":[{"id":11246,"href":"https:\/\/tbitech.pl\/en\/wp-json\/wp\/v2\/product\/8960\/revisions\/11246"}],"wp:featuredmedia":[{"embeddable":true,"href":"https:\/\/tbitech.pl\/en\/wp-json\/wp\/v2\/media\/6229"}],"wp:attachment":[{"href":"https:\/\/tbitech.pl\/en\/wp-json\/wp\/v2\/media?parent=8960"}],"wp:term":[{"taxonomy":"product_brand","embeddable":true,"href":"https:\/\/tbitech.pl\/en\/wp-json\/wp\/v2\/product_brand?post=8960"},{"taxonomy":"product_cat","embeddable":true,"href":"https:\/\/tbitech.pl\/en\/wp-json\/wp\/v2\/product_cat?post=8960"},{"taxonomy":"product_tag","embeddable":true,"href":"https:\/\/tbitech.pl\/en\/wp-json\/wp\/v2\/product_tag?post=8960"}],"curies":[{"name":"wp","href":"https:\/\/api.w.org\/{rel}","templated":true}]}}